{"id":981,"date":"2025-09-30T12:20:35","date_gmt":"2025-09-30T17:20:35","guid":{"rendered":"https:\/\/acadcareers.wpenginepowered.com\/tarification\/"},"modified":"2026-02-18T11:56:24","modified_gmt":"2026-02-18T16:56:24","slug":"tarification","status":"publish","type":"page","link":"https:\/\/academicacareers.com\/fr\/tarification\/","title":{"rendered":"Tarifs"},"content":{"rendered":"\n\n\t<section id=\"block-1\" class='ra-block vert1-m-b vert3-m-b-lg block-featured-pricing'>\n\t\t\t\t\t<h2 class='text-center mb-0'>Des tarifs simples et fiables.<\/h2>\n\t\t\n\t\t<div class='row justify-content-center align-price-card-content-wrapper-stretch ra-column-gap mt-16 mt-md-48'>\n\t\t\t\t\t\t\t<div class='col-12 col-sm-6 flex-grow-1 flex-shrink-1 price-card-col col-md-4'>\n\t\t\t\t\t\t\t\t\t\t\n\t\t\t\t\t<a href=\"https:\/\/academicacareers.com\/create-job\/\" target=\"\" class=\"price-card action-parent btn-is-secondary bg-white d-block position-relative p-24 p-md-40 text-decoration-none has-link\" >\t\t\t\t\t\t\n\t\t\t\t\t\t\t\t\t\t\t\t\t<h3 class='pretitle ff-base text-slate ff-base'>Offre d\u2019emploi<\/h3>\n\t\t\t\t\t\t\n\t\t\t\t\t\t\t\t\t\t\t\t\t<h4 class='primary-text ff-base h2 mb-8 ff-tertiary'>475 $<\/h4>\n\t\t\t\t\t\t\n\t\t\t\t\t\t\n\t\t\t\t\t\t\t\t<div class=\"wysiwyg-content mt-16 mt-md-24 text-slate lh-headings font-one-rem fs-i\">\n\t\t\t<p><span data-sheets-root=\"1\">L\u2019option la plus populaire pour Academic Careers. Publiez votre offre d\u2019emploi et diffusez-la dans tout le pays.<\/span><\/p>\n\t\t<\/div>\n\t\n\t\t\t\t\t\t\t\t\t\t\t\t\t<ul class=\"features mt-16 mb-0\">\n\t\t\t\t\t\t\t\t\t\t\t\t\t\t\t\t\t\t\t\t\t\t\t\t\t\t\t<li class='feature'><span class=\"text-slate ff-base\">Jusqu\u2019\u00e0 60 jours sur la plateforme Academica Careers<\/span><\/li>\n\t\t\t\t\t\t\t\t\t\t\t\t\t\t\t\t\t\t\t\t\t\t\t\t\t\t\t\t\t\t\t\t\t\t\t\t<li class='feature'><span class=\"text-slate ff-base\">Une annonce dans le bulletin d\u2019information Academica Top Ten, exposant votre offre d\u2019emploi \u00e0 plus de 27 000 abonn\u00e9s<\/span><\/li>\n\t\t\t\t\t\t\t\t\t\t\t\t\t\t\t\t\t\t\t\t\t\t\t\t<\/ul>\n\t\t\t\t\t\t\n\t\t\t\t\t\t\t\t\t\t\t\t\t<span class=\"btn btn-secondary mt-48 overflow-hidden position-relative\">Publier une offre d\u2019emploi<\/span>\n\t\t\t\t\t\t\n\t\t\t\t\t<\/a>\t\t\t\t<\/div>\n\t\t\t\t\t\t\t<div class='col-12 col-sm-6 flex-grow-1 flex-shrink-1 price-card-col col-md-4'>\n\t\t\t\t\t\t\t\t\t\t\n\t\t\t\t\t<a href=\"#express-credit-modal\" target=\"\" class=\"price-card action-parent btn-is-secondary bg-white d-block position-relative p-24 p-md-40 text-decoration-none has-link\"  data-bs-toggle=\"modal\" data-bs-target=\"#auth-modal\">\t\t\t\t\t\t\t\t\t\t\t\t\t<div class=\"info-tag position-relative card-flag position-absolute position-left top-16 end-0\"><span class=\"tag-title position-relative z-2 font-sm text-uppercase fw-semibold text-primary bg-tertiary px-8 py-4 lh-headings\">Varient selon la quantit\u00e9<\/span><\/div>\t\t\t\t\t\t\n\t\t\t\t\t\t\t\t\t\t\t\t\t<h3 class='pretitle ff-base text-slate ff-base'>Cr\u00e9dits d\u2019offre d\u2019emploi<\/h3>\n\t\t\t\t\t\t\n\t\t\t\t\t\t\t\t\t\t\t\t\t<h4 class='primary-text ff-base h2 mb-8 ff-tertiary'>5+ Ads<\/h4>\n\t\t\t\t\t\t\n\t\t\t\t\t\t\n\t\t\t\t\t\t\t\t<div class=\"wysiwyg-content mt-16 mt-md-24 text-slate lh-headings font-one-rem fs-i\">\n\t\t\t<p><span data-sheets-root=\"1\">Vous envisagez d\u2019embaucher plusieurs personnes dans votre \u00e9tablissement au cours des 12 prochains mois? Vous pouvez d\u00e9sormais acheter des forfaits de cr\u00e9dits d\u2019emploi \u00e0 un prix r\u00e9duit!<\/span><\/p>\n\t\t<\/div>\n\t\n\t\t\t\t\t\t\t\t\t\t\t\t\t<ul class=\"features mt-16 mb-0\">\n\t\t\t\t\t\t\t\t\t\t\t\t\t\t\t\t\t\t\t\t\t\t\t\t\t\t\t<li class='feature'><span class=\"text-slate ff-base\">Acc\u00e9l\u00e9rez et simplifiez l\u2019embauche gr\u00e2ce aux cr\u00e9dits d\u2019emploi<\/span><\/li>\n\t\t\t\t\t\t\t\t\t\t\t\t\t\t\t\t\t\t\t\t\t\t\t\t\t\t\t\t\t\t\t\t\t\t\t\t<li class='feature'><span class=\"text-slate ff-base\">B\u00e9n\u00e9ficiez d\u2019un prix inf\u00e9rieur pour chaque publication, et de rabais encore meilleurs aux niveaux sup\u00e9rieurs<\/span><\/li>\n\t\t\t\t\t\t\t\t\t\t\t\t\t\t\t\t\t\t\t\t\t\t\t\t<\/ul>\n\t\t\t\t\t\t\n\t\t\t\t\t\t\t\t\t\t\t\t\t<span class=\"btn btn-secondary mt-48 overflow-hidden position-relative\">Obtenir des cr\u00e9dits<\/span>\n\t\t\t\t\t\t\n\t\t\t\t\t<\/a>\t\t\t\t<\/div>\n\t\t\t\t\t<\/div>\n\t<\/section>\n","protected":false},"excerpt":{"rendered":"","protected":false},"author":9,"featured_media":0,"parent":0,"menu_order":0,"comment_status":"closed","ping_status":"closed","template":"","meta":{"_acf_changed":true,"footnotes":""},"class_list":["post-981","page","type-page","status-publish","hentry"],"acf":[],"yoast_head":"<!-- This site is optimized with the Yoast SEO plugin v27.0 - https:\/\/yoast.com\/product\/yoast-seo-wordpress\/ -->\n<title>Tarifs - Academica Careers<\/title>\n<meta name=\"robots\" content=\"index, follow, max-snippet:-1, max-image-preview:large, max-video-preview:-1\" \/>\n<link rel=\"canonical\" href=\"https:\/\/academicacareers.com\/fr\/tarification\/\" \/>\n<meta property=\"og:locale\" content=\"fr_FR\" \/>\n<meta property=\"og:type\" content=\"article\" \/>\n<meta property=\"og:title\" content=\"Tarifs - Academica Careers\" \/>\n<meta property=\"og:url\" content=\"https:\/\/academicacareers.com\/fr\/tarification\/\" \/>\n<meta property=\"og:site_name\" content=\"Academica Careers\" \/>\n<meta property=\"article:publisher\" content=\"https:\/\/www.facebook.com\/academicagroupinc\/\" \/>\n<meta property=\"article:modified_time\" content=\"2026-02-18T16:56:24+00:00\" \/>\n<meta property=\"og:image\" content=\"https:\/\/academicacareers.com\/wp-content\/uploads\/2025\/10\/homepage_hero-graphic_S-XS.png\" \/>\n\t<meta property=\"og:image:width\" content=\"800\" \/>\n\t<meta property=\"og:image:height\" content=\"470\" \/>\n\t<meta property=\"og:image:type\" content=\"image\/png\" \/>\n<meta name=\"twitter:card\" content=\"summary_large_image\" \/>\n<script type=\"application\/ld+json\" class=\"yoast-schema-graph\">{\"@context\":\"https:\/\/schema.org\",\"@graph\":[{\"@type\":\"WebPage\",\"@id\":\"https:\/\/academicacareers.com\/fr\/tarification\/\",\"url\":\"https:\/\/academicacareers.com\/fr\/tarification\/\",\"name\":\"Tarifs - Academica Careers\",\"isPartOf\":{\"@id\":\"https:\/\/academicacareers.com\/fr\/#website\"},\"datePublished\":\"2025-09-30T17:20:35+00:00\",\"dateModified\":\"2026-02-18T16:56:24+00:00\",\"breadcrumb\":{\"@id\":\"https:\/\/academicacareers.com\/fr\/tarification\/#breadcrumb\"},\"inLanguage\":\"fr-FR\",\"potentialAction\":[{\"@type\":\"ReadAction\",\"target\":[\"https:\/\/academicacareers.com\/fr\/tarification\/\"]}]},{\"@type\":\"BreadcrumbList\",\"@id\":\"https:\/\/academicacareers.com\/fr\/tarification\/#breadcrumb\",\"itemListElement\":[{\"@type\":\"ListItem\",\"position\":1,\"name\":\"Home\",\"item\":\"https:\/\/academicacareers.com\/fr\/\"},{\"@type\":\"ListItem\",\"position\":2,\"name\":\"Tarifs\"}]},{\"@type\":\"WebSite\",\"@id\":\"https:\/\/academicacareers.com\/fr\/#website\",\"url\":\"https:\/\/academicacareers.com\/fr\/\",\"name\":\"Academica Careers\",\"description\":\"Canada&#039;s Leading Job Board for University &amp; College Careers\",\"publisher\":{\"@id\":\"https:\/\/academicacareers.com\/fr\/#organization\"},\"potentialAction\":[{\"@type\":\"SearchAction\",\"target\":{\"@type\":\"EntryPoint\",\"urlTemplate\":\"https:\/\/academicacareers.com\/fr\/?s={search_term_string}\"},\"query-input\":{\"@type\":\"PropertyValueSpecification\",\"valueRequired\":true,\"valueName\":\"search_term_string\"}}],\"inLanguage\":\"fr-FR\"},{\"@type\":\"Organization\",\"@id\":\"https:\/\/academicacareers.com\/fr\/#organization\",\"name\":\"Academica Careers\",\"url\":\"https:\/\/academicacareers.com\/fr\/\",\"logo\":{\"@type\":\"ImageObject\",\"inLanguage\":\"fr-FR\",\"@id\":\"https:\/\/academicacareers.com\/fr\/#\/schema\/logo\/image\/\",\"url\":\"https:\/\/academicacareers.com\/wp-content\/uploads\/2026\/01\/ac-reg.png\",\"contentUrl\":\"https:\/\/academicacareers.com\/wp-content\/uploads\/2026\/01\/ac-reg.png\",\"width\":720,\"height\":110,\"caption\":\"Academica Careers\"},\"image\":{\"@id\":\"https:\/\/academicacareers.com\/fr\/#\/schema\/logo\/image\/\"},\"sameAs\":[\"https:\/\/www.facebook.com\/academicagroupinc\/\"]}]}<\/script>\n<!-- \/ Yoast SEO plugin. -->","yoast_head_json":{"title":"Tarifs - Academica Careers","robots":{"index":"index","follow":"follow","max-snippet":"max-snippet:-1","max-image-preview":"max-image-preview:large","max-video-preview":"max-video-preview:-1"},"canonical":"https:\/\/academicacareers.com\/fr\/tarification\/","og_locale":"fr_FR","og_type":"article","og_title":"Tarifs - Academica Careers","og_url":"https:\/\/academicacareers.com\/fr\/tarification\/","og_site_name":"Academica Careers","article_publisher":"https:\/\/www.facebook.com\/academicagroupinc\/","article_modified_time":"2026-02-18T16:56:24+00:00","og_image":[{"url":"https:\/\/academicacareers.com\/wp-content\/uploads\/2025\/10\/homepage_hero-graphic_S-XS.png","width":800,"height":470,"type":"image\/png"}],"twitter_card":"summary_large_image","schema":{"@context":"https:\/\/schema.org","@graph":[{"@type":"WebPage","@id":"https:\/\/academicacareers.com\/fr\/tarification\/","url":"https:\/\/academicacareers.com\/fr\/tarification\/","name":"Tarifs - Academica Careers","isPartOf":{"@id":"https:\/\/academicacareers.com\/fr\/#website"},"datePublished":"2025-09-30T17:20:35+00:00","dateModified":"2026-02-18T16:56:24+00:00","breadcrumb":{"@id":"https:\/\/academicacareers.com\/fr\/tarification\/#breadcrumb"},"inLanguage":"fr-FR","potentialAction":[{"@type":"ReadAction","target":["https:\/\/academicacareers.com\/fr\/tarification\/"]}]},{"@type":"BreadcrumbList","@id":"https:\/\/academicacareers.com\/fr\/tarification\/#breadcrumb","itemListElement":[{"@type":"ListItem","position":1,"name":"Home","item":"https:\/\/academicacareers.com\/fr\/"},{"@type":"ListItem","position":2,"name":"Tarifs"}]},{"@type":"WebSite","@id":"https:\/\/academicacareers.com\/fr\/#website","url":"https:\/\/academicacareers.com\/fr\/","name":"Academica Careers","description":"Canada&#039;s Leading Job Board for University &amp; College Careers","publisher":{"@id":"https:\/\/academicacareers.com\/fr\/#organization"},"potentialAction":[{"@type":"SearchAction","target":{"@type":"EntryPoint","urlTemplate":"https:\/\/academicacareers.com\/fr\/?s={search_term_string}"},"query-input":{"@type":"PropertyValueSpecification","valueRequired":true,"valueName":"search_term_string"}}],"inLanguage":"fr-FR"},{"@type":"Organization","@id":"https:\/\/academicacareers.com\/fr\/#organization","name":"Academica Careers","url":"https:\/\/academicacareers.com\/fr\/","logo":{"@type":"ImageObject","inLanguage":"fr-FR","@id":"https:\/\/academicacareers.com\/fr\/#\/schema\/logo\/image\/","url":"https:\/\/academicacareers.com\/wp-content\/uploads\/2026\/01\/ac-reg.png","contentUrl":"https:\/\/academicacareers.com\/wp-content\/uploads\/2026\/01\/ac-reg.png","width":720,"height":110,"caption":"Academica Careers"},"image":{"@id":"https:\/\/academicacareers.com\/fr\/#\/schema\/logo\/image\/"},"sameAs":["https:\/\/www.facebook.com\/academicagroupinc\/"]}]}},"_links":{"self":[{"href":"https:\/\/academicacareers.com\/fr\/wp-json\/wp\/v2\/pages\/981","targetHints":{"allow":["GET"]}}],"collection":[{"href":"https:\/\/academicacareers.com\/fr\/wp-json\/wp\/v2\/pages"}],"about":[{"href":"https:\/\/academicacareers.com\/fr\/wp-json\/wp\/v2\/types\/page"}],"author":[{"embeddable":true,"href":"https:\/\/academicacareers.com\/fr\/wp-json\/wp\/v2\/users\/9"}],"replies":[{"embeddable":true,"href":"https:\/\/academicacareers.com\/fr\/wp-json\/wp\/v2\/comments?post=981"}],"version-history":[{"count":0,"href":"https:\/\/academicacareers.com\/fr\/wp-json\/wp\/v2\/pages\/981\/revisions"}],"wp:attachment":[{"href":"https:\/\/academicacareers.com\/fr\/wp-json\/wp\/v2\/media?parent=981"}],"curies":[{"name":"wp","href":"https:\/\/api.w.org\/{rel}","templated":true}]}}